{"id":1217,"date":"2023-10-31T21:01:18","date_gmt":"2023-10-31T20:01:18","guid":{"rendered":"https:\/\/www.latelier-rina.fr\/?page_id=1217"},"modified":"2026-03-31T10:30:24","modified_gmt":"2026-03-31T08:30:24","slug":"prestations","status":"publish","type":"page","link":"https:\/\/www.latelier-rina.fr\/index.php\/prestations\/","title":{"rendered":"Prestations"},"content":{"rendered":"\t\t<div data-elementor-type=\"wp-page\" data-elementor-id=\"1217\" class=\"elementor elementor-1217\">\n\t\t\t\t\t\t<section class=\"elementor-section elementor-top-section elementor-element elementor-element-c7bde32 elementor-section-height-min-height elementor-section-boxed elementor-section-height-default elementor-section-items-middle\" data-id=\"c7bde32\" data-element_type=\"section\" data-settings=\"{&quot;background_background&quot;:&quot;classic&quot;}\">\n\t\t\t\t\t\t<div class=\"elementor-container elementor-column-gap-default\">\n\t\t\t\t\t<div class=\"elementor-column elementor-col-100 elementor-top-column elementor-element elementor-element-8ca406c\" data-id=\"8ca406c\" data-element_type=\"column\">\n\t\t\t<div class=\"elementor-widget-wrap elementor-element-populated\">\n\t\t\t\t\t\t<div class=\"elementor-element elementor-element-5c316fb elementor-widget elementor-widget-heading\" data-id=\"5c316fb\" data-element_type=\"widget\" data-widget_type=\"heading.default\">\n\t\t\t\t<div class=\"elementor-widget-container\">\n\t\t\t\t\t<h1 class=\"elementor-heading-title elementor-size-default\">Prestations<\/h1>\t\t\t\t<\/div>\n\t\t\t\t<\/div>\n\t\t\t\t\t<\/div>\n\t\t<\/div>\n\t\t\t\t\t<\/div>\n\t\t<\/section>\n\t\t\t\t<section class=\"elementor-section elementor-top-section elementor-element elementor-element-f022636 elementor-section-boxed elementor-section-height-default elementor-section-height-default\" data-id=\"f022636\" data-element_type=\"section\">\n\t\t\t\t\t\t<div class=\"elementor-container elementor-column-gap-default\">\n\t\t\t\t\t<div class=\"elementor-column elementor-col-100 elementor-top-column elementor-element elementor-element-62d2d23\" data-id=\"62d2d23\" data-element_type=\"column\" data-settings=\"{&quot;background_background&quot;:&quot;classic&quot;}\">\n\t\t\t<div class=\"elementor-widget-wrap elementor-element-populated\">\n\t\t\t\t\t\t<div class=\"elementor-element elementor-element-711cf01 elementor-widget elementor-widget-catalogbooking\" data-id=\"711cf01\" data-element_type=\"widget\" data-widget_type=\"catalogbooking.default\">\n\t\t\t\t<div class=\"elementor-widget-container\">\n\t\t\t\t\t\n<script>\n  if (typeof hasAmeliaEntitiesApiCall === 'undefined' && ('' === '' && '' !== '1')) {\n    var hasAmeliaEntitiesApiCall = true;\n  }\n  var ameliaShortcodeData = (typeof ameliaShortcodeData === 'undefined') ? [] : ameliaShortcodeData;\n  ameliaShortcodeData.push(\n    {\n      'hasApiCall': (typeof hasAmeliaEntitiesApiCall !== 'undefined') && hasAmeliaEntitiesApiCall,\n      'trigger': '',\n      'trigger_type': '',\n      'triggered_form': 'cbf',\n      'in_dialog': '',\n      'show': '',\n      'counter': '1000',\n      'package': '',\n      'category': '',\n      'service': '',\n      'employee': '',\n      'location': '',\n      'categories_hidden': ''\n    }\n  );\n  var ameliaShortcodeDataTriggered = (typeof ameliaShortcodeDataTriggered === 'undefined') ? [] : ameliaShortcodeDataTriggered;\n  if (ameliaShortcodeData[ameliaShortcodeData.length - 1].trigger !== '') {\n    if (ameliaShortcodeDataTriggered.filter(a => a.counter === ameliaShortcodeData[ameliaShortcodeData.length - 1].counter).length === 0) {\n      ameliaShortcodeDataTriggered.push(ameliaShortcodeData.pop());\n    } else {\n      ameliaShortcodeData.pop()\n    }\n  }\n  if (typeof hasAmeliaEntitiesApiCall !== 'undefined' && hasAmeliaEntitiesApiCall) {\n    hasAmeliaEntitiesApiCall = false;\n  }\n<\/script>\n\n<div\n  id=\"amelia-v2-booking-1000\"\n  class=\"amelia-v2-booking\"\n>\n    <catalog-form-wrapper><\/catalog-form-wrapper><\/div>\n\t\t\t\t<\/div>\n\t\t\t\t<\/div>\n\t\t\t\t<div class=\"elementor-element elementor-element-a98dcf1 elementor-widget elementor-widget-html\" data-id=\"a98dcf1\" data-element_type=\"widget\" data-widget_type=\"html.default\">\n\t\t\t\t<div class=\"elementor-widget-container\">\n\t\t\t\t\t<style>\n\n.social-float {\n\n  position: fixed;\n\n  bottom: 25px;\n\n  right: 25px;\n\n  z-index: 9999;\n\n  display: flex;\n\n  flex-direction: column;\n\n  gap: 12px;\n\n}\n\n.social-float a {\n\n  width: 60px;\n\n  height: 60px;\n\n  border-radius: 50%;\n\n  display: flex;\n\n  align-items: center;\n\n  justify-content: center;\n\n  box-shadow: 2px 2px 12px rgba(0,0,0,0.3);\n\n  transition: transform 0.2s;\n\n}\n\n.social-float a:hover { transform: scale(1.1); }\n\n.social-float svg { width: 35px; height: 35px; fill: white; }\n\n.wa-btn { background: #25D366; }\n\n.ig-btn { background: radial-gradient(circle at 30% 107%, #fdf497 0%, #fd5949 45%, #d6249f 60%, #285AEB 90%); }\n\n<\/style>\n\n<div class=\"social-float\">\n\n  <!-- Instagram -->\n\n  <a href=\"https:\/\/ig.me\/m\/LATELIER.RINA\" class=\"ig-btn\" target=\"_blank\">\n\n    <svg viewBox=\"0 0 24 24\" xmlns=\"http:\/\/www.w3.org\/2000\/svg\">\n\n      <path d=\"M12 2.163c3.204 0 3.584.012 4.85.07 3.252.148 4.771 1.691 4.919 4.919.058 1.265.069 1.645.069 4.849 0 3.205-.012 3.584-.069 4.849-.149 3.225-1.664 4.771-4.919 4.919-1.266.058-1.644.07-4.85.07-3.204 0-3.584-.012-4.849-.07-3.26-.149-4.771-1.699-4.919-4.92-.058-1.265-.07-1.644-.07-4.849 0-3.204.013-3.583.07-4.849.149-3.227 1.664-4.771 4.919-4.919 1.266-.057 1.645-.069 4.849-.069zm0-2.163c-3.259 0-3.667.014-4.947.072-4.358.2-6.78 2.618-6.98 6.98-.059 1.281-.073 1.689-.073 4.948 0 3.259.014 3.668.072 4.948.2 4.358 2.618 6.78 6.98 6.98 1.281.058 1.689.072 4.948.072 3.259 0 3.668-.014 4.948-.072 4.354-.2 6.782-2.618 6.979-6.98.059-1.28.073-1.689.073-4.948 0-3.259-.014-3.667-.072-4.947-.196-4.354-2.617-6.78-6.979-6.98-1.281-.059-1.69-.073-4.949-.073zm0 5.838c-3.403 0-6.162 2.759-6.162 6.162s2.759 6.163 6.162 6.163 6.162-2.759 6.162-6.163c0-3.403-2.759-6.162-6.162-6.162zm0 10.162c-2.209 0-4-1.79-4-4 0-2.209 1.791-4 4-4s4 1.791 4 4c0 2.21-1.791 4-4 4zm6.406-11.845c-.796 0-1.441.645-1.441 1.44s.645 1.44 1.441 1.44c.795 0 1.439-.645 1.439-1.44s-.644-1.44-1.439-1.44z\"\/>\n\n    <\/svg>\n\n  <\/a>\n\n  <!-- WhatsApp -->\n\n  <a href=\"https:\/\/api.whatsapp.com\/send?phone=33767666490\" class=\"wa-btn\" target=\"_blank\">\n\n    <svg viewBox=\"0 0 24 24\" xmlns=\"http:\/\/www.w3.org\/2000\/svg\">\n\n      <path d=\"M17.472 14.382c-.297-.149-1.758-.867-2.03-.967-.273-.099-.471-.148-.67.15-.197.297-.767.966-.94 1.164-.173.199-.347.223-.644.075-.297-.15-1.255-.463-2.39-1.475-.883-.788-1.48-1.761-1.653-2.059-.173-.297-.018-.458.13-.606.134-.133.298-.347.446-.52.149-.174.198-.298.298-.497.099-.198.05-.371-.025-.52-.075-.149-.669-1.612-.916-2.207-.242-.579-.487-.5-.669-.51-.173-.008-.371-.01-.57-.01-.198 0-.52.074-.792.372-.272.297-1.04 1.016-1.04 2.479 0 1.462 1.065 2.875 1.213 3.074.149.198 2.096 3.2 5.077 4.487.709.306 1.262.489 1.694.625.712.227 1.36.195 1.871.118.571-.085 1.758-.719 2.006-1.413.248-.694.248-1.289.173-1.413-.074-.124-.272-.198-.57-.347z\"\/>\n\n      <path d=\"M12 0C5.373 0 0 5.373 0 12c0 2.123.554 4.118 1.528 5.845L.057 23.571a.75.75 0 0 0 .921.921l5.726-1.471A11.943 11.943 0 0 0 12 24c6.627 0 12-5.373 12-12S18.627 0 12 0zm0 22c-1.891 0-3.667-.523-5.187-1.435l-.372-.22-3.398.873.887-3.397-.228-.381A9.956 9.956 0 0 1 2 12C2 6.477 6.477 2 12 2s10 4.477 10 10-4.477 10-10 10z\"\/>\n\n    <\/svg>\n\n  <\/a>\n\n<\/div>\t\t\t\t<\/div>\n\t\t\t\t<\/div>\n\t\t\t\t\t<\/div>\n\t\t<\/div>\n\t\t\t\t\t<\/div>\n\t\t<\/section>\n\t\t\t\t<section class=\"elementor-section elementor-top-section elementor-element elementor-element-250e94f elementor-section-boxed elementor-section-height-default elementor-section-height-default\" data-id=\"250e94f\" data-element_type=\"section\" data-settings=\"{&quot;background_background&quot;:&quot;classic&quot;}\">\n\t\t\t\t\t\t<div class=\"elementor-container elementor-column-gap-default\">\n\t\t\t\t\t<div class=\"elementor-column elementor-col-33 elementor-top-column elementor-element elementor-element-2c00e48c\" data-id=\"2c00e48c\" data-element_type=\"column\">\n\t\t\t<div class=\"elementor-widget-wrap elementor-element-populated\">\n\t\t\t\t\t\t<div class=\"elementor-element elementor-element-5b706c50 elementor-widget-divider--view-line elementor-widget elementor-widget-divider\" data-id=\"5b706c50\" data-element_type=\"widget\" data-widget_type=\"divider.default\">\n\t\t\t\t<div class=\"elementor-widget-container\">\n\t\t\t\t\t\t\t<div class=\"elementor-divider\">\n\t\t\t<span class=\"elementor-divider-separator\">\n\t\t\t\t\t\t<\/span>\n\t\t<\/div>\n\t\t\t\t\t\t<\/div>\n\t\t\t\t<\/div>\n\t\t\t\t<div class=\"elementor-element elementor-element-4e145005 elementor-widget__width-initial elementor-widget-mobile__width-inherit elementor-widget elementor-widget-text-editor\" data-id=\"4e145005\" data-element_type=\"widget\" data-widget_type=\"text-editor.default\">\n\t\t\t\t<div class=\"elementor-widget-container\">\n\t\t\t\t\t\t\t\t\t<p><b>A PROPOS :<\/b><\/p><p>Adresse :\u00a0<\/p><p>108, chemin de groslay, Bondy (93140)<\/p>\t\t\t\t\t\t\t\t<\/div>\n\t\t\t\t<\/div>\n\t\t\t\t\t<\/div>\n\t\t<\/div>\n\t\t\t\t<div class=\"elementor-column elementor-col-33 elementor-top-column elementor-element elementor-element-7d1a0618\" data-id=\"7d1a0618\" data-element_type=\"column\">\n\t\t\t<div class=\"elementor-widget-wrap elementor-element-populated\">\n\t\t\t\t\t\t<div class=\"elementor-element elementor-element-1224cbd5 elementor-widget-divider--view-line elementor-widget elementor-widget-divider\" data-id=\"1224cbd5\" data-element_type=\"widget\" data-widget_type=\"divider.default\">\n\t\t\t\t<div class=\"elementor-widget-container\">\n\t\t\t\t\t\t\t<div class=\"elementor-divider\">\n\t\t\t<span class=\"elementor-divider-separator\">\n\t\t\t\t\t\t<\/span>\n\t\t<\/div>\n\t\t\t\t\t\t<\/div>\n\t\t\t\t<\/div>\n\t\t\t\t<div class=\"elementor-element elementor-element-3b1aed1 elementor-widget__width-initial elementor-widget-mobile__width-inherit elementor-widget elementor-widget-text-editor\" data-id=\"3b1aed1\" data-element_type=\"widget\" data-widget_type=\"text-editor.default\">\n\t\t\t\t<div class=\"elementor-widget-container\">\n\t\t\t\t\t\t\t\t\t<p><strong>CONTACTEZ-NOUS<\/strong><\/p><p>Uniquement par sms : 07 67 66 64 90<\/p><p><span style=\"font-size: 15px; color: var( --e-global-color-2c08501 ); background-color: var( --e-global-color-9c737bf );\">Instagram : LATELIER.RINA<\/span><\/p>\t\t\t\t\t\t\t\t<\/div>\n\t\t\t\t<\/div>\n\t\t\t\t\t<\/div>\n\t\t<\/div>\n\t\t\t\t<div class=\"elementor-column elementor-col-33 elementor-top-column elementor-element elementor-element-3c0d4667\" data-id=\"3c0d4667\" data-element_type=\"column\">\n\t\t\t<div class=\"elementor-widget-wrap elementor-element-populated\">\n\t\t\t\t\t\t<div class=\"elementor-element elementor-element-4256eae2 elementor-widget-divider--view-line elementor-widget elementor-widget-divider\" data-id=\"4256eae2\" data-element_type=\"widget\" data-widget_type=\"divider.default\">\n\t\t\t\t<div class=\"elementor-widget-container\">\n\t\t\t\t\t\t\t<div class=\"elementor-divider\">\n\t\t\t<span class=\"elementor-divider-separator\">\n\t\t\t\t\t\t<\/span>\n\t\t<\/div>\n\t\t\t\t\t\t<\/div>\n\t\t\t\t<\/div>\n\t\t\t\t<div class=\"elementor-element elementor-element-7c868193 elementor-widget__width-initial elementor-widget-mobile__width-inherit elementor-widget elementor-widget-text-editor\" data-id=\"7c868193\" data-element_type=\"widget\" data-widget_type=\"text-editor.default\">\n\t\t\t\t<div class=\"elementor-widget-container\">\n\t\t\t\t\t\t\t\t\t<p><strong>JOURS D&rsquo;OUVERTURE<\/strong> :<\/p><p><span style=\"font-family: 'The seasons fonts', sans-serif; font-size: 15px; font-style: normal; font-variant-ligatures: normal; font-variant-caps: normal; font-weight: 400; color: var( --e-global-color-2c08501 ); background-color: var( --e-global-color-9c737bf );\">Lundi-mardi-jeudi-vendredi<\/span><\/p><p>Ouvert : de 8h30 \u00e0 17h<\/p><p><span style=\"font-family: 'The seasons fonts', sans-serif; font-size: 15px; font-style: normal; font-variant-ligatures: normal; font-variant-caps: normal; font-weight: 400; color: var( --e-global-color-2c08501 ); background-color: var( --e-global-color-9c737bf );\">Mercredi ferm\u00e9<\/span><\/p><p><span style=\"font-family: 'The seasons fonts', sans-serif; font-size: 15px; font-style: normal; font-variant-ligatures: normal; font-variant-caps: normal; font-weight: 400; color: var( --e-global-color-2c08501 ); background-color: var( --e-global-color-9c737bf );\">Samedi-Dimanche<\/span><\/p><p>Ouvert : de 10h \u00e0 20h<\/p>\t\t\t\t\t\t\t\t<\/div>\n\t\t\t\t<\/div>\n\t\t\t\t\t<\/div>\n\t\t<\/div>\n\t\t\t\t\t<\/div>\n\t\t<\/section>\n\t\t\t\t<\/div>\n\t\t","protected":false},"excerpt":{"rendered":"<p>Prestations A PROPOS : Adresse :\u00a0 108, chemin de groslay, Bondy (93140) CONTACTEZ-NOUS Uniquement par sms : 07 67 66 64 90 Instagram : LATELIER.RINA JOURS D&rsquo;OUVERTURE : Lundi-mardi-jeudi-vendredi Ouvert : de 8h30 \u00e0 17h Mercredi ferm\u00e9 Samedi-Dimanche Ouvert : de 10h \u00e0 20h<\/p>\n","protected":false},"author":1,"featured_media":0,"parent":0,"menu_order":0,"comment_status":"closed","ping_status":"closed","template":"","meta":{"_uf_show_specific_survey":0,"_uf_disable_surveys":false,"ocean_post_layout":"full-screen","ocean_both_sidebars_style":"","ocean_both_sidebars_content_width":0,"ocean_both_sidebars_sidebars_width":0,"ocean_sidebar":"0","ocean_second_sidebar":"0","ocean_disable_margins":"on","ocean_add_body_class":"","ocean_shortcode_before_top_bar":"","ocean_shortcode_after_top_bar":"","ocean_shortcode_before_header":"","ocean_shortcode_after_header":"","ocean_has_shortcode":"","ocean_shortcode_after_title":"","ocean_shortcode_before_footer_widgets":"","ocean_shortcode_after_footer_widgets":"","ocean_shortcode_before_footer_bottom":"","ocean_shortcode_after_footer_bottom":"","ocean_display_top_bar":"default","ocean_display_header":"default","ocean_header_style":"transparent","ocean_center_header_left_menu":"0","ocean_custom_header_template":"0","ocean_custom_logo":0,"ocean_custom_retina_logo":0,"ocean_custom_logo_max_width":0,"ocean_custom_logo_tablet_max_width":0,"ocean_custom_logo_mobile_max_width":0,"ocean_custom_logo_max_height":0,"ocean_custom_logo_tablet_max_height":0,"ocean_custom_logo_mobile_max_height":0,"ocean_header_custom_menu":"0","ocean_menu_typo_font_family":"0","ocean_menu_typo_font_subset":"","ocean_menu_typo_font_size":0,"ocean_menu_typo_font_size_tablet":0,"ocean_menu_typo_font_size_mobile":0,"ocean_menu_typo_font_size_unit":"px","ocean_menu_typo_font_weight":"","ocean_menu_typo_font_weight_tablet":"","ocean_menu_typo_font_weight_mobile":"","ocean_menu_typo_transform":"","ocean_menu_typo_transform_tablet":"","ocean_menu_typo_transform_mobile":"","ocean_menu_typo_line_height":0,"ocean_menu_typo_line_height_tablet":0,"ocean_menu_typo_line_height_mobile":0,"ocean_menu_typo_line_height_unit":"","ocean_menu_typo_spacing":0,"ocean_menu_typo_spacing_tablet":0,"ocean_menu_typo_spacing_mobile":0,"ocean_menu_typo_spacing_unit":"","ocean_menu_link_color":"#ffffff","ocean_menu_link_color_hover":"#6e8fef","ocean_menu_link_color_active":"#ffffff","ocean_menu_link_background":"","ocean_menu_link_hover_background":"","ocean_menu_link_active_background":"","ocean_menu_social_links_bg":"","ocean_menu_social_hover_links_bg":"","ocean_menu_social_links_color":"#ffffff","ocean_menu_social_hover_links_color":"#6e8fef","ocean_disable_title":"on","ocean_disable_heading":"default","ocean_post_title":"","ocean_post_subheading":"","ocean_post_title_style":"","ocean_post_title_background_color":"","ocean_post_title_background":0,"ocean_post_title_bg_image_position":"","ocean_post_title_bg_image_attachment":"","ocean_post_title_bg_image_repeat":"","ocean_post_title_bg_image_size":"","ocean_post_title_height":0,"ocean_post_title_bg_overlay":0.5,"ocean_post_title_bg_overlay_color":"","ocean_disable_breadcrumbs":"off","ocean_breadcrumbs_color":"","ocean_breadcrumbs_separator_color":"","ocean_breadcrumbs_links_color":"","ocean_breadcrumbs_links_hover_color":"","ocean_display_footer_widgets":"default","ocean_display_footer_bottom":"default","ocean_custom_footer_template":"0","footnotes":""},"class_list":["post-1217","page","type-page","status-publish","hentry","entry"],"yoast_head":"<!-- This site is optimized with the Yoast SEO plugin v25.9 - https:\/\/yoast.com\/wordpress\/plugins\/seo\/ -->\n<title>Prestations - Latelier Rina<\/title>\n<meta name=\"description\" content=\"Choisissez votre prestation de beaut\u00e9 en toute simplicit\u00e9.\" \/>\n<meta name=\"robots\" content=\"index, follow, max-snippet:-1, max-image-preview:large, max-video-preview:-1\" \/>\n<link rel=\"canonical\" href=\"https:\/\/www.latelier-rina.fr\/index.php\/prestations\/\" \/>\n<meta property=\"og:locale\" content=\"fr_FR\" \/>\n<meta property=\"og:type\" content=\"article\" \/>\n<meta property=\"og:title\" content=\"Prestations - Latelier Rina\" \/>\n<meta property=\"og:description\" content=\"Choisissez votre prestation de beaut\u00e9 en toute simplicit\u00e9.\" \/>\n<meta property=\"og:url\" content=\"https:\/\/www.latelier-rina.fr\/index.php\/prestations\/\" \/>\n<meta property=\"og:site_name\" content=\"Latelier Rina\" \/>\n<meta property=\"article:modified_time\" content=\"2026-03-31T08:30:24+00:00\" \/>\n<meta name=\"twitter:card\" content=\"summary_large_image\" \/>\n<meta name=\"twitter:label1\" content=\"Dur\u00e9e de lecture estim\u00e9e\" \/>\n\t<meta name=\"twitter:data1\" content=\"1 minute\" \/>\n<script type=\"application\/ld+json\" class=\"yoast-schema-graph\">{\"@context\":\"https:\/\/schema.org\",\"@graph\":[{\"@type\":\"WebPage\",\"@id\":\"https:\/\/www.latelier-rina.fr\/index.php\/prestations\/\",\"url\":\"https:\/\/www.latelier-rina.fr\/index.php\/prestations\/\",\"name\":\"Prestations - Latelier Rina\",\"isPartOf\":{\"@id\":\"http:\/\/www.latelier-rina.fr\/#website\"},\"datePublished\":\"2023-10-31T20:01:18+00:00\",\"dateModified\":\"2026-03-31T08:30:24+00:00\",\"description\":\"Choisissez votre prestation de beaut\u00e9 en toute simplicit\u00e9.\",\"breadcrumb\":{\"@id\":\"https:\/\/www.latelier-rina.fr\/index.php\/prestations\/#breadcrumb\"},\"inLanguage\":\"fr-FR\",\"potentialAction\":[{\"@type\":\"ReadAction\",\"target\":[\"https:\/\/www.latelier-rina.fr\/index.php\/prestations\/\"]}]},{\"@type\":\"BreadcrumbList\",\"@id\":\"https:\/\/www.latelier-rina.fr\/index.php\/prestations\/#breadcrumb\",\"itemListElement\":[{\"@type\":\"ListItem\",\"position\":1,\"name\":\"Accueil\",\"item\":\"https:\/\/www.latelier-rina.fr\/\"},{\"@type\":\"ListItem\",\"position\":2,\"name\":\"Prestations\"}]},{\"@type\":\"WebSite\",\"@id\":\"http:\/\/www.latelier-rina.fr\/#website\",\"url\":\"http:\/\/www.latelier-rina.fr\/\",\"name\":\"Latelier Rina\",\"description\":\"Technicienne de cil\",\"publisher\":{\"@id\":\"http:\/\/www.latelier-rina.fr\/#\/schema\/person\/e5b89513af6be33d9200d0ac25602d0f\"},\"potentialAction\":[{\"@type\":\"SearchAction\",\"target\":{\"@type\":\"EntryPoint\",\"urlTemplate\":\"http:\/\/www.latelier-rina.fr\/?s={search_term_string}\"},\"query-input\":{\"@type\":\"PropertyValueSpecification\",\"valueRequired\":true,\"valueName\":\"search_term_string\"}}],\"inLanguage\":\"fr-FR\"},{\"@type\":[\"Person\",\"Organization\"],\"@id\":\"http:\/\/www.latelier-rina.fr\/#\/schema\/person\/e5b89513af6be33d9200d0ac25602d0f\",\"name\":\"Zarina\",\"image\":{\"@type\":\"ImageObject\",\"inLanguage\":\"fr-FR\",\"@id\":\"http:\/\/www.latelier-rina.fr\/#\/schema\/person\/image\/\",\"url\":\"https:\/\/www.latelier-rina.fr\/wp-content\/uploads\/2025\/02\/cropped-Atelier-Rina-Logo-scaled-1.webp\",\"contentUrl\":\"https:\/\/www.latelier-rina.fr\/wp-content\/uploads\/2025\/02\/cropped-Atelier-Rina-Logo-scaled-1.webp\",\"width\":2560,\"height\":1044,\"caption\":\"Zarina\"},\"logo\":{\"@id\":\"http:\/\/www.latelier-rina.fr\/#\/schema\/person\/image\/\"},\"sameAs\":[\"http:\/\/www.latelier-rina.fr\"]}]}<\/script>\n<!-- \/ Yoast SEO plugin. -->","yoast_head_json":{"title":"Prestations - Latelier Rina","description":"Choisissez votre prestation de beaut\u00e9 en toute simplicit\u00e9.","robots":{"index":"index","follow":"follow","max-snippet":"max-snippet:-1","max-image-preview":"max-image-preview:large","max-video-preview":"max-video-preview:-1"},"canonical":"https:\/\/www.latelier-rina.fr\/index.php\/prestations\/","og_locale":"fr_FR","og_type":"article","og_title":"Prestations - Latelier Rina","og_description":"Choisissez votre prestation de beaut\u00e9 en toute simplicit\u00e9.","og_url":"https:\/\/www.latelier-rina.fr\/index.php\/prestations\/","og_site_name":"Latelier Rina","article_modified_time":"2026-03-31T08:30:24+00:00","twitter_card":"summary_large_image","twitter_misc":{"Dur\u00e9e de lecture estim\u00e9e":"1 minute"},"schema":{"@context":"https:\/\/schema.org","@graph":[{"@type":"WebPage","@id":"https:\/\/www.latelier-rina.fr\/index.php\/prestations\/","url":"https:\/\/www.latelier-rina.fr\/index.php\/prestations\/","name":"Prestations - Latelier Rina","isPartOf":{"@id":"http:\/\/www.latelier-rina.fr\/#website"},"datePublished":"2023-10-31T20:01:18+00:00","dateModified":"2026-03-31T08:30:24+00:00","description":"Choisissez votre prestation de beaut\u00e9 en toute simplicit\u00e9.","breadcrumb":{"@id":"https:\/\/www.latelier-rina.fr\/index.php\/prestations\/#breadcrumb"},"inLanguage":"fr-FR","potentialAction":[{"@type":"ReadAction","target":["https:\/\/www.latelier-rina.fr\/index.php\/prestations\/"]}]},{"@type":"BreadcrumbList","@id":"https:\/\/www.latelier-rina.fr\/index.php\/prestations\/#breadcrumb","itemListElement":[{"@type":"ListItem","position":1,"name":"Accueil","item":"https:\/\/www.latelier-rina.fr\/"},{"@type":"ListItem","position":2,"name":"Prestations"}]},{"@type":"WebSite","@id":"http:\/\/www.latelier-rina.fr\/#website","url":"http:\/\/www.latelier-rina.fr\/","name":"Latelier Rina","description":"Technicienne de cil","publisher":{"@id":"http:\/\/www.latelier-rina.fr\/#\/schema\/person\/e5b89513af6be33d9200d0ac25602d0f"},"potentialAction":[{"@type":"SearchAction","target":{"@type":"EntryPoint","urlTemplate":"http:\/\/www.latelier-rina.fr\/?s={search_term_string}"},"query-input":{"@type":"PropertyValueSpecification","valueRequired":true,"valueName":"search_term_string"}}],"inLanguage":"fr-FR"},{"@type":["Person","Organization"],"@id":"http:\/\/www.latelier-rina.fr\/#\/schema\/person\/e5b89513af6be33d9200d0ac25602d0f","name":"Zarina","image":{"@type":"ImageObject","inLanguage":"fr-FR","@id":"http:\/\/www.latelier-rina.fr\/#\/schema\/person\/image\/","url":"https:\/\/www.latelier-rina.fr\/wp-content\/uploads\/2025\/02\/cropped-Atelier-Rina-Logo-scaled-1.webp","contentUrl":"https:\/\/www.latelier-rina.fr\/wp-content\/uploads\/2025\/02\/cropped-Atelier-Rina-Logo-scaled-1.webp","width":2560,"height":1044,"caption":"Zarina"},"logo":{"@id":"http:\/\/www.latelier-rina.fr\/#\/schema\/person\/image\/"},"sameAs":["http:\/\/www.latelier-rina.fr"]}]}},"_links":{"self":[{"href":"https:\/\/www.latelier-rina.fr\/index.php\/wp-json\/wp\/v2\/pages\/1217","targetHints":{"allow":["GET"]}}],"collection":[{"href":"https:\/\/www.latelier-rina.fr\/index.php\/wp-json\/wp\/v2\/pages"}],"about":[{"href":"https:\/\/www.latelier-rina.fr\/index.php\/wp-json\/wp\/v2\/types\/page"}],"author":[{"embeddable":true,"href":"https:\/\/www.latelier-rina.fr\/index.php\/wp-json\/wp\/v2\/users\/1"}],"replies":[{"embeddable":true,"href":"https:\/\/www.latelier-rina.fr\/index.php\/wp-json\/wp\/v2\/comments?post=1217"}],"version-history":[{"count":114,"href":"https:\/\/www.latelier-rina.fr\/index.php\/wp-json\/wp\/v2\/pages\/1217\/revisions"}],"predecessor-version":[{"id":2042,"href":"https:\/\/www.latelier-rina.fr\/index.php\/wp-json\/wp\/v2\/pages\/1217\/revisions\/2042"}],"wp:attachment":[{"href":"https:\/\/www.latelier-rina.fr\/index.php\/wp-json\/wp\/v2\/media?parent=1217"}],"curies":[{"name":"wp","href":"https:\/\/api.w.org\/{rel}","templated":true}]}}