{"id":619,"date":"2022-04-25T01:40:02","date_gmt":"2022-04-24T23:40:02","guid":{"rendered":"https:\/\/architect.oceanwp.org\/?page_id=619"},"modified":"2023-11-03T15:46:54","modified_gmt":"2023-11-03T14:46:54","slug":"politique-de-confidentialite","status":"publish","type":"page","link":"https:\/\/www.latelier-rina.fr\/index.php\/politique-de-confidentialite\/","title":{"rendered":"Politique de confidentialit\u00e9"},"content":{"rendered":"\t\t<div data-elementor-type=\"wp-page\" data-elementor-id=\"619\" class=\"elementor elementor-619\">\n\t\t\t\t\t\t<section class=\"elementor-section elementor-top-section elementor-element elementor-element-c7bde32 elementor-section-height-min-height elementor-section-boxed elementor-section-height-default elementor-section-items-middle\" data-id=\"c7bde32\" data-element_type=\"section\" data-settings=\"{&quot;background_background&quot;:&quot;classic&quot;}\">\n\t\t\t\t\t\t<div class=\"elementor-container elementor-column-gap-default\">\n\t\t\t\t\t<div class=\"elementor-column elementor-col-100 elementor-top-column elementor-element elementor-element-8ca406c\" data-id=\"8ca406c\" data-element_type=\"column\">\n\t\t\t<div class=\"elementor-widget-wrap elementor-element-populated\">\n\t\t\t\t\t\t<div class=\"elementor-element elementor-element-5c316fb elementor-widget elementor-widget-heading\" data-id=\"5c316fb\" data-element_type=\"widget\" data-widget_type=\"heading.default\">\n\t\t\t\t<div class=\"elementor-widget-container\">\n\t\t\t\t\t<h1 class=\"elementor-heading-title elementor-size-default\">Politique de confientialite<\/h1>\t\t\t\t<\/div>\n\t\t\t\t<\/div>\n\t\t\t\t\t<\/div>\n\t\t<\/div>\n\t\t\t\t\t<\/div>\n\t\t<\/section>\n\t\t<div class=\"elementor-element elementor-element-ecfa70c e-flex e-con-boxed e-con e-parent\" data-id=\"ecfa70c\" data-element_type=\"container\">\n\t\t\t\t\t<div class=\"e-con-inner\">\n\t\t\t\t<div class=\"elementor-element elementor-element-868e944 elementor-widget elementor-widget-text-editor\" data-id=\"868e944\" data-element_type=\"widget\" data-widget_type=\"text-editor.default\">\n\t\t\t\t<div class=\"elementor-widget-container\">\n\t\t\t\t\t\t\t\t\t<h3 class=\"wp-block-heading\">INTRODUCTION<\/h3><p>Bienvenue chez latelier-rina.fr, nous nous engageons \u00e0 prot\u00e9ger la confidentialit\u00e9 de vos informations personnelles. Cette Politique de Confidentialit\u00e9 explique comment nous collectons, utilisons, stockons et prot\u00e9geons vos donn\u00e9es.<\/p><h3 class=\"wp-block-heading\">COLLECTE DES DONN\u00c9ES<\/h3><p>Donn\u00e9es Personnelles<br \/>Nous collectons des donn\u00e9es personnelles que vous nous fournissez volontairement. Les donn\u00e9es personnelles que nous pouvons collecter incluent, sans s\u2019y limiter, les informations suivantes :<\/p><p>Nom<br \/>Adresse e-mail<br \/>Date de naissance<br \/>Pr\u00e9nom<br \/>Num\u00e9ro de t\u00e9l\u00e9phone<\/p><h3 class=\"wp-block-heading\">Utilisation des Donn\u00e9es<\/h3><p>Nous utilisons les donn\u00e9es personnelles collect\u00e9es dans le but de g\u00e9rer votre rendez-vous sur notre site web. Ces donn\u00e9es peuvent \u00eatre utilis\u00e9es pour vous contacter et pour effectuer d\u2019autres activit\u00e9s li\u00e9es au processus de rendez-vous.<\/p><h3 class=\"wp-block-heading\">Conservation des Donn\u00e9es<\/h3><p>Nous conservons les donn\u00e9es<br \/>personnelles collect\u00e9es pendant une p\u00e9riode de 24 mois \u00e0 compter de la date de leur soumission. Pass\u00e9 ce d\u00e9lai, les donn\u00e9es seront supprim\u00e9es de nos syst\u00e8mes, sauf si nous sommes l\u00e9galement tenus de les conserver plus longtemps.<\/p><h3 class=\"wp-block-heading\">S\u00e9curit\u00e9 des Donn\u00e9es<\/h3><p>Nous prenons des mesures de s\u00e9curit\u00e9 appropri\u00e9es pour prot\u00e9ger vos donn\u00e9es personnelles contre toute utilisation, acc\u00e8s ou divulgation non autoris\u00e9s. Nous mettons en place des contr\u00f4les de s\u00e9curit\u00e9 physiques, \u00e9lectroniques et administratifs pour garantir la confidentialit\u00e9 et la s\u00e9curit\u00e9 de vos donn\u00e9es.<\/p><p>Vos Droits<br \/>Vous avez le droit de :<\/p><p>Acc\u00e9der \u00e0 vos donn\u00e9es personnelles que nous d\u00e9tenons.<br \/>Rectifier vos donn\u00e9es personnelles en cas d\u2019inexactitude.<br \/>Demander la suppression de vos donn\u00e9es personnelles.<br \/>Vous opposer au traitement de vos donn\u00e9es personnelles.<br \/>Exercer votre droit \u00e0 la portabilit\u00e9 des donn\u00e9es.<br \/>Pour exercer l\u2019un de ces droits ou pour poser des questions concernant notre politique de confidentialit\u00e9, veuillez nous contacter \u00e0 l\u2019adresse\u00a0marketing@weexa.fr.<\/p><h3 class=\"wp-block-heading\">Modifications de la Politique de Confidentialit\u00e9<\/h3><p>Nous nous r\u00e9servons le droit de mettre \u00e0 jour cette Politique de Confidentialit\u00e9 \u00e0 tout moment. Les modifications seront publi\u00e9es sur cette page avec une date de mise \u00e0 jour. Nous vous encourageons \u00e0 consulter r\u00e9guli\u00e8rement cette page pour rester inform\u00e9 des modifications \u00e9ventuelles.<\/p><h3 class=\"wp-block-heading\">Contact<\/h3><h3 class=\"wp-block-heading\">Si vous avez des questions ou des pr\u00e9occupations concernant notre Politique de Confidentialit\u00e9, veuillez nous contacter \u00e0 l\u2019adresse suivante : latelier.rina@gmail.com.<\/h3>\t\t\t\t\t\t\t\t<\/div>\n\t\t\t\t<\/div>\n\t\t\t\t\t<\/div>\n\t\t\t\t<\/div>\n\t\t\t\t<\/div>\n\t\t","protected":false},"excerpt":{"rendered":"<p>Politique de confientialite INTRODUCTION Bienvenue chez latelier-rina.fr, nous nous engageons \u00e0 prot\u00e9ger la confidentialit\u00e9 de vos informations personnelles. Cette Politique de Confidentialit\u00e9 explique comment nous collectons, utilisons, stockons et prot\u00e9geons vos donn\u00e9es. COLLECTE DES DONN\u00c9ES Donn\u00e9es PersonnellesNous collectons des donn\u00e9es personnelles que vous nous fournissez volontairement. Les donn\u00e9es personnelles que nous pouvons collecter incluent, sans [&hellip;]<\/p>\n","protected":false},"author":1,"featured_media":0,"parent":0,"menu_order":0,"comment_status":"closed","ping_status":"closed","template":"","meta":{"_uf_show_specific_survey":0,"_uf_disable_surveys":false,"ocean_post_layout":"full-screen","ocean_both_sidebars_style":"","ocean_both_sidebars_content_width":0,"ocean_both_sidebars_sidebars_width":0,"ocean_sidebar":"0","ocean_second_sidebar":"0","ocean_disable_margins":"on","ocean_add_body_class":"","ocean_shortcode_before_top_bar":"","ocean_shortcode_after_top_bar":"","ocean_shortcode_before_header":"","ocean_shortcode_after_header":"","ocean_has_shortcode":"","ocean_shortcode_after_title":"","ocean_shortcode_before_footer_widgets":"","ocean_shortcode_after_footer_widgets":"","ocean_shortcode_before_footer_bottom":"","ocean_shortcode_after_footer_bottom":"","ocean_display_top_bar":"default","ocean_display_header":"default","ocean_header_style":"transparent","ocean_center_header_left_menu":"0","ocean_custom_header_template":"0","ocean_custom_logo":0,"ocean_custom_retina_logo":0,"ocean_custom_logo_max_width":0,"ocean_custom_logo_tablet_max_width":0,"ocean_custom_logo_mobile_max_width":0,"ocean_custom_logo_max_height":0,"ocean_custom_logo_tablet_max_height":0,"ocean_custom_logo_mobile_max_height":0,"ocean_header_custom_menu":"0","ocean_menu_typo_font_family":"0","ocean_menu_typo_font_subset":"","ocean_menu_typo_font_size":0,"ocean_menu_typo_font_size_tablet":0,"ocean_menu_typo_font_size_mobile":0,"ocean_menu_typo_font_size_unit":"px","ocean_menu_typo_font_weight":"","ocean_menu_typo_font_weight_tablet":"","ocean_menu_typo_font_weight_mobile":"","ocean_menu_typo_transform":"","ocean_menu_typo_transform_tablet":"","ocean_menu_typo_transform_mobile":"","ocean_menu_typo_line_height":0,"ocean_menu_typo_line_height_tablet":0,"ocean_menu_typo_line_height_mobile":0,"ocean_menu_typo_line_height_unit":"","ocean_menu_typo_spacing":0,"ocean_menu_typo_spacing_tablet":0,"ocean_menu_typo_spacing_mobile":0,"ocean_menu_typo_spacing_unit":"","ocean_menu_link_color":"#ffffff","ocean_menu_link_color_hover":"#6e8fef","ocean_menu_link_color_active":"#ffffff","ocean_menu_link_background":"","ocean_menu_link_hover_background":"","ocean_menu_link_active_background":"","ocean_menu_social_links_bg":"","ocean_menu_social_hover_links_bg":"","ocean_menu_social_links_color":"#ffffff","ocean_menu_social_hover_links_color":"#6e8fef","ocean_disable_title":"on","ocean_disable_heading":"default","ocean_post_title":"","ocean_post_subheading":"","ocean_post_title_style":"","ocean_post_title_background_color":"","ocean_post_title_background":0,"ocean_post_title_bg_image_position":"","ocean_post_title_bg_image_attachment":"","ocean_post_title_bg_image_repeat":"","ocean_post_title_bg_image_size":"","ocean_post_title_height":0,"ocean_post_title_bg_overlay":0.5,"ocean_post_title_bg_overlay_color":"","ocean_disable_breadcrumbs":"off","ocean_breadcrumbs_color":"","ocean_breadcrumbs_separator_color":"","ocean_breadcrumbs_links_color":"","ocean_breadcrumbs_links_hover_color":"","ocean_display_footer_widgets":"default","ocean_display_footer_bottom":"default","ocean_custom_footer_template":"0","footnotes":""},"class_list":["post-619","page","type-page","status-publish","hentry","entry"],"yoast_head":"<!-- This site is optimized with the Yoast SEO plugin v25.9 - https:\/\/yoast.com\/wordpress\/plugins\/seo\/ -->\n<title>Politique de confidentialit\u00e9 - Latelier Rina<\/title>\n<meta name=\"description\" content=\"D\u00e9couvrez notre syst\u00e8me de r\u00e9servation de prestations en ligne simplifi\u00e9, con\u00e7u pour r\u00e9pondre \u00e0 vos besoins de beaut\u00e9 en toute simplicit\u00e9.\" \/>\n<meta name=\"robots\" content=\"index, follow, max-snippet:-1, max-image-preview:large, max-video-preview:-1\" \/>\n<link rel=\"canonical\" href=\"https:\/\/www.latelier-rina.fr\/index.php\/politique-de-confidentialite\/\" \/>\n<meta property=\"og:locale\" content=\"fr_FR\" \/>\n<meta property=\"og:type\" content=\"article\" \/>\n<meta property=\"og:title\" content=\"Politique de confidentialit\u00e9 - Latelier Rina\" \/>\n<meta property=\"og:description\" content=\"D\u00e9couvrez notre syst\u00e8me de r\u00e9servation de prestations en ligne simplifi\u00e9, con\u00e7u pour r\u00e9pondre \u00e0 vos besoins de beaut\u00e9 en toute simplicit\u00e9.\" \/>\n<meta property=\"og:url\" content=\"https:\/\/www.latelier-rina.fr\/index.php\/politique-de-confidentialite\/\" \/>\n<meta property=\"og:site_name\" content=\"Latelier Rina\" \/>\n<meta property=\"article:modified_time\" content=\"2023-11-03T14:46:54+00:00\" \/>\n<meta name=\"twitter:card\" content=\"summary_large_image\" \/>\n<meta name=\"twitter:label1\" content=\"Dur\u00e9e de lecture estim\u00e9e\" \/>\n\t<meta name=\"twitter:data1\" content=\"2 minutes\" \/>\n<script type=\"application\/ld+json\" class=\"yoast-schema-graph\">{\"@context\":\"https:\/\/schema.org\",\"@graph\":[{\"@type\":\"WebPage\",\"@id\":\"https:\/\/www.latelier-rina.fr\/index.php\/politique-de-confidentialite\/\",\"url\":\"https:\/\/www.latelier-rina.fr\/index.php\/politique-de-confidentialite\/\",\"name\":\"Politique de confidentialit\u00e9 - Latelier Rina\",\"isPartOf\":{\"@id\":\"http:\/\/www.latelier-rina.fr\/#website\"},\"datePublished\":\"2022-04-24T23:40:02+00:00\",\"dateModified\":\"2023-11-03T14:46:54+00:00\",\"description\":\"D\u00e9couvrez notre syst\u00e8me de r\u00e9servation de prestations en ligne simplifi\u00e9, con\u00e7u pour r\u00e9pondre \u00e0 vos besoins de beaut\u00e9 en toute simplicit\u00e9.\",\"breadcrumb\":{\"@id\":\"https:\/\/www.latelier-rina.fr\/index.php\/politique-de-confidentialite\/#breadcrumb\"},\"inLanguage\":\"fr-FR\",\"potentialAction\":[{\"@type\":\"ReadAction\",\"target\":[\"https:\/\/www.latelier-rina.fr\/index.php\/politique-de-confidentialite\/\"]}]},{\"@type\":\"BreadcrumbList\",\"@id\":\"https:\/\/www.latelier-rina.fr\/index.php\/politique-de-confidentialite\/#breadcrumb\",\"itemListElement\":[{\"@type\":\"ListItem\",\"position\":1,\"name\":\"Accueil\",\"item\":\"https:\/\/www.latelier-rina.fr\/\"},{\"@type\":\"ListItem\",\"position\":2,\"name\":\"Politique de confidentialit\u00e9\"}]},{\"@type\":\"WebSite\",\"@id\":\"http:\/\/www.latelier-rina.fr\/#website\",\"url\":\"http:\/\/www.latelier-rina.fr\/\",\"name\":\"Latelier Rina\",\"description\":\"Technicienne de cil\",\"publisher\":{\"@id\":\"http:\/\/www.latelier-rina.fr\/#\/schema\/person\/e5b89513af6be33d9200d0ac25602d0f\"},\"potentialAction\":[{\"@type\":\"SearchAction\",\"target\":{\"@type\":\"EntryPoint\",\"urlTemplate\":\"http:\/\/www.latelier-rina.fr\/?s={search_term_string}\"},\"query-input\":{\"@type\":\"PropertyValueSpecification\",\"valueRequired\":true,\"valueName\":\"search_term_string\"}}],\"inLanguage\":\"fr-FR\"},{\"@type\":[\"Person\",\"Organization\"],\"@id\":\"http:\/\/www.latelier-rina.fr\/#\/schema\/person\/e5b89513af6be33d9200d0ac25602d0f\",\"name\":\"Zarina\",\"image\":{\"@type\":\"ImageObject\",\"inLanguage\":\"fr-FR\",\"@id\":\"http:\/\/www.latelier-rina.fr\/#\/schema\/person\/image\/\",\"url\":\"https:\/\/www.latelier-rina.fr\/wp-content\/uploads\/2025\/02\/cropped-Atelier-Rina-Logo-scaled-1.webp\",\"contentUrl\":\"https:\/\/www.latelier-rina.fr\/wp-content\/uploads\/2025\/02\/cropped-Atelier-Rina-Logo-scaled-1.webp\",\"width\":2560,\"height\":1044,\"caption\":\"Zarina\"},\"logo\":{\"@id\":\"http:\/\/www.latelier-rina.fr\/#\/schema\/person\/image\/\"},\"sameAs\":[\"http:\/\/www.latelier-rina.fr\"]}]}<\/script>\n<!-- \/ Yoast SEO plugin. -->","yoast_head_json":{"title":"Politique de confidentialit\u00e9 - Latelier Rina","description":"D\u00e9couvrez notre syst\u00e8me de r\u00e9servation de prestations en ligne simplifi\u00e9, con\u00e7u pour r\u00e9pondre \u00e0 vos besoins de beaut\u00e9 en toute simplicit\u00e9.","robots":{"index":"index","follow":"follow","max-snippet":"max-snippet:-1","max-image-preview":"max-image-preview:large","max-video-preview":"max-video-preview:-1"},"canonical":"https:\/\/www.latelier-rina.fr\/index.php\/politique-de-confidentialite\/","og_locale":"fr_FR","og_type":"article","og_title":"Politique de confidentialit\u00e9 - Latelier Rina","og_description":"D\u00e9couvrez notre syst\u00e8me de r\u00e9servation de prestations en ligne simplifi\u00e9, con\u00e7u pour r\u00e9pondre \u00e0 vos besoins de beaut\u00e9 en toute simplicit\u00e9.","og_url":"https:\/\/www.latelier-rina.fr\/index.php\/politique-de-confidentialite\/","og_site_name":"Latelier Rina","article_modified_time":"2023-11-03T14:46:54+00:00","twitter_card":"summary_large_image","twitter_misc":{"Dur\u00e9e de lecture estim\u00e9e":"2 minutes"},"schema":{"@context":"https:\/\/schema.org","@graph":[{"@type":"WebPage","@id":"https:\/\/www.latelier-rina.fr\/index.php\/politique-de-confidentialite\/","url":"https:\/\/www.latelier-rina.fr\/index.php\/politique-de-confidentialite\/","name":"Politique de confidentialit\u00e9 - Latelier Rina","isPartOf":{"@id":"http:\/\/www.latelier-rina.fr\/#website"},"datePublished":"2022-04-24T23:40:02+00:00","dateModified":"2023-11-03T14:46:54+00:00","description":"D\u00e9couvrez notre syst\u00e8me de r\u00e9servation de prestations en ligne simplifi\u00e9, con\u00e7u pour r\u00e9pondre \u00e0 vos besoins de beaut\u00e9 en toute simplicit\u00e9.","breadcrumb":{"@id":"https:\/\/www.latelier-rina.fr\/index.php\/politique-de-confidentialite\/#breadcrumb"},"inLanguage":"fr-FR","potentialAction":[{"@type":"ReadAction","target":["https:\/\/www.latelier-rina.fr\/index.php\/politique-de-confidentialite\/"]}]},{"@type":"BreadcrumbList","@id":"https:\/\/www.latelier-rina.fr\/index.php\/politique-de-confidentialite\/#breadcrumb","itemListElement":[{"@type":"ListItem","position":1,"name":"Accueil","item":"https:\/\/www.latelier-rina.fr\/"},{"@type":"ListItem","position":2,"name":"Politique de confidentialit\u00e9"}]},{"@type":"WebSite","@id":"http:\/\/www.latelier-rina.fr\/#website","url":"http:\/\/www.latelier-rina.fr\/","name":"Latelier Rina","description":"Technicienne de cil","publisher":{"@id":"http:\/\/www.latelier-rina.fr\/#\/schema\/person\/e5b89513af6be33d9200d0ac25602d0f"},"potentialAction":[{"@type":"SearchAction","target":{"@type":"EntryPoint","urlTemplate":"http:\/\/www.latelier-rina.fr\/?s={search_term_string}"},"query-input":{"@type":"PropertyValueSpecification","valueRequired":true,"valueName":"search_term_string"}}],"inLanguage":"fr-FR"},{"@type":["Person","Organization"],"@id":"http:\/\/www.latelier-rina.fr\/#\/schema\/person\/e5b89513af6be33d9200d0ac25602d0f","name":"Zarina","image":{"@type":"ImageObject","inLanguage":"fr-FR","@id":"http:\/\/www.latelier-rina.fr\/#\/schema\/person\/image\/","url":"https:\/\/www.latelier-rina.fr\/wp-content\/uploads\/2025\/02\/cropped-Atelier-Rina-Logo-scaled-1.webp","contentUrl":"https:\/\/www.latelier-rina.fr\/wp-content\/uploads\/2025\/02\/cropped-Atelier-Rina-Logo-scaled-1.webp","width":2560,"height":1044,"caption":"Zarina"},"logo":{"@id":"http:\/\/www.latelier-rina.fr\/#\/schema\/person\/image\/"},"sameAs":["http:\/\/www.latelier-rina.fr"]}]}},"_links":{"self":[{"href":"https:\/\/www.latelier-rina.fr\/index.php\/wp-json\/wp\/v2\/pages\/619","targetHints":{"allow":["GET"]}}],"collection":[{"href":"https:\/\/www.latelier-rina.fr\/index.php\/wp-json\/wp\/v2\/pages"}],"about":[{"href":"https:\/\/www.latelier-rina.fr\/index.php\/wp-json\/wp\/v2\/types\/page"}],"author":[{"embeddable":true,"href":"https:\/\/www.latelier-rina.fr\/index.php\/wp-json\/wp\/v2\/users\/1"}],"replies":[{"embeddable":true,"href":"https:\/\/www.latelier-rina.fr\/index.php\/wp-json\/wp\/v2\/comments?post=619"}],"version-history":[{"count":97,"href":"https:\/\/www.latelier-rina.fr\/index.php\/wp-json\/wp\/v2\/pages\/619\/revisions"}],"predecessor-version":[{"id":1572,"href":"https:\/\/www.latelier-rina.fr\/index.php\/wp-json\/wp\/v2\/pages\/619\/revisions\/1572"}],"wp:attachment":[{"href":"https:\/\/www.latelier-rina.fr\/index.php\/wp-json\/wp\/v2\/media?parent=619"}],"curies":[{"name":"wp","href":"https:\/\/api.w.org\/{rel}","templated":true}]}}